{"id":129,"date":"2013-12-11T17:46:52","date_gmt":"2013-12-11T17:46:52","guid":{"rendered":"http:\/\/ontario400.ca\/?page_id=129"},"modified":"2013-12-19T16:59:15","modified_gmt":"2013-12-19T16:59:15","slug":"historical-framework","status":"publish","type":"page","link":"https:\/\/ontario400.ca\/en\/historical-framework\/","title":{"rendered":"Historical Framework"},"content":{"rendered":"<h2><\/h2>\n<p>The period from 1610 to 1615 marks the beginning of the French presence in Ontario.<\/p>\n<p>\u00c9tienne Br\u00fbl\u00e9, scout and interpreter for Samuel de Champlain, \u00a0is thought to be the first Caucasian to have reached the area that is present-day Ontario. In the summer of 1610, he set out to explore the Pays d\u2019en Haut (\u201cupper country\u201d), a region of New France that encompassed the majority of Ontario and beyond. He travelled up the Ottawa River, reaching Lake Nipissing by the Mattawa River, and ending his journey in Huronia, going as far as Georgian \u00a0Bay via the French River. Along with his First Nations allies, the Hurons, he set off to explore several regions surrounding the<\/p>\n<p>Great Lakes, and would later report his discoveries of this countryside, rich in natural resources and expansive freshwater seas, to Champlain.<\/p>\n<p>In May 1613, Champlain went in search of a \u201cnorthern sea\u201d (Hudson Bay). Accompanied by Br\u00fbl\u00e9 and three other young scouts, he travelled up the Ottawa River as far as Allumette Island, Quebec, in the vicinity of Pembroke, Ontario. He took advantage of this journey to build alliances with an Algonquin tribe, the Kichesipirini, and then returned to Quebec City. It was during this journey that Champlain lost his astrolabe, which would be found 254 years later, in 1867, by Edward Lee, a 14-year-old farm boy.<\/p>\n<p>It wasn\u2019t until 1615 that Champlain would follow Br\u00fbl\u00e9 as far as Huronia. Br\u00fbl\u00e9 also took him to explore northern Lake Ontario, as far as the Bay of Quinte. He took the same route, the great trade route, to reach the heart of the Huron country on the banks of Georgian Bay. It was during this journey to the Bay of Quinte that he was wounded by an arrow to the knee during a battle with the Iroquois, and was forced to winter with his Huron-Wendat allies until spring 1616 before returning to Quebec.<\/p>\n","protected":false},"excerpt":{"rendered":"<p>The period from 1610 to 1615 marks the beginning of the French presence in Ontario. \u00c9tienne Br\u00fbl\u00e9, scout and interpreter for Samuel de Champlain, \u00a0is thought to be the first Caucasian to have reached the area that is present-day Ontario. In the summer of 1610, he set out to explore the Pays d\u2019en Haut (\u201cupper <a class=\"read-more\" href=\"https:\/\/ontario400.ca\/en\/historical-framework\/\">&#8230;suite<\/a><\/p>\n","protected":false},"author":12,"featured_media":0,"parent":0,"menu_order":0,"comment_status":"open","ping_status":"open","template":"","meta":{"_monsterinsights_skip_tracking":false,"_monsterinsights_sitenote_active":false,"_monsterinsights_sitenote_note":"","_monsterinsights_sitenote_category":0,"footnotes":""},"class_list":["post-129","page","type-page","status-publish","hentry"],"yoast_head":"<!-- This site is optimized with the Yoast SEO plugin v27.3 - https:\/\/yoast.com\/product\/yoast-seo-wordpress\/ -->\n<title>Historical Framework - 400e<\/title>\n<meta name=\"robots\" content=\"index, follow, max-snippet:-1, max-image-preview:large, max-video-preview:-1\" \/>\n<link rel=\"canonical\" href=\"https:\/\/ontario400.ca\/en\/historical-framework\/\" \/>\n<meta property=\"og:locale\" content=\"en_US\" \/>\n<meta property=\"og:type\" content=\"article\" \/>\n<meta property=\"og:title\" content=\"Historical Framework - 400e\" \/>\n<meta property=\"og:description\" content=\"The period from 1610 to 1615 marks the beginning of the French presence in Ontario. \u00c9tienne Br\u00fbl\u00e9, scout and interpreter for Samuel de Champlain, \u00a0is thought to be the first Caucasian to have reached the area that is present-day Ontario. In the summer of 1610, he set out to explore the Pays d\u2019en Haut (\u201cupper ...suite\" \/>\n<meta property=\"og:url\" content=\"https:\/\/ontario400.ca\/en\/historical-framework\/\" \/>\n<meta property=\"og:site_name\" content=\"400e\" \/>\n<meta property=\"article:modified_time\" content=\"2013-12-19T16:59:15+00:00\" \/>\n<meta name=\"twitter:label1\" content=\"Est. reading time\" \/>\n\t<meta name=\"twitter:data1\" content=\"2 minutes\" \/>\n<script type=\"application\/ld+json\" class=\"yoast-schema-graph\">{\"@context\":\"https:\\\/\\\/schema.org\",\"@graph\":[{\"@type\":\"WebPage\",\"@id\":\"https:\\\/\\\/ontario400.ca\\\/en\\\/historical-framework\\\/\",\"url\":\"https:\\\/\\\/ontario400.ca\\\/en\\\/historical-framework\\\/\",\"name\":\"Historical Framework - 400e\",\"isPartOf\":{\"@id\":\"https:\\\/\\\/ontario400.ca\\\/#website\"},\"datePublished\":\"2013-12-11T17:46:52+00:00\",\"dateModified\":\"2013-12-19T16:59:15+00:00\",\"breadcrumb\":{\"@id\":\"https:\\\/\\\/ontario400.ca\\\/en\\\/historical-framework\\\/#breadcrumb\"},\"inLanguage\":\"en-US\",\"potentialAction\":[{\"@type\":\"ReadAction\",\"target\":[\"https:\\\/\\\/ontario400.ca\\\/en\\\/historical-framework\\\/\"]}]},{\"@type\":\"BreadcrumbList\",\"@id\":\"https:\\\/\\\/ontario400.ca\\\/en\\\/historical-framework\\\/#breadcrumb\",\"itemListElement\":[{\"@type\":\"ListItem\",\"position\":1,\"name\":\"Home\",\"item\":\"https:\\\/\\\/ontario400.ca\\\/en\\\/\"},{\"@type\":\"ListItem\",\"position\":2,\"name\":\"Historical Framework\"}]},{\"@type\":\"WebSite\",\"@id\":\"https:\\\/\\\/ontario400.ca\\\/#website\",\"url\":\"https:\\\/\\\/ontario400.ca\\\/\",\"name\":\"400e\",\"description\":\"Just another WordPress site\",\"potentialAction\":[{\"@type\":\"SearchAction\",\"target\":{\"@type\":\"EntryPoint\",\"urlTemplate\":\"https:\\\/\\\/ontario400.ca\\\/?s={search_term_string}\"},\"query-input\":{\"@type\":\"PropertyValueSpecification\",\"valueRequired\":true,\"valueName\":\"search_term_string\"}}],\"inLanguage\":\"en-US\"}]}<\/script>\n<!-- \/ Yoast SEO plugin. -->","yoast_head_json":{"title":"Historical Framework - 400e","robots":{"index":"index","follow":"follow","max-snippet":"max-snippet:-1","max-image-preview":"max-image-preview:large","max-video-preview":"max-video-preview:-1"},"canonical":"https:\/\/ontario400.ca\/en\/historical-framework\/","og_locale":"en_US","og_type":"article","og_title":"Historical Framework - 400e","og_description":"The period from 1610 to 1615 marks the beginning of the French presence in Ontario. \u00c9tienne Br\u00fbl\u00e9, scout and interpreter for Samuel de Champlain, \u00a0is thought to be the first Caucasian to have reached the area that is present-day Ontario. In the summer of 1610, he set out to explore the Pays d\u2019en Haut (\u201cupper ...suite","og_url":"https:\/\/ontario400.ca\/en\/historical-framework\/","og_site_name":"400e","article_modified_time":"2013-12-19T16:59:15+00:00","twitter_misc":{"Est. reading time":"2 minutes"},"schema":{"@context":"https:\/\/schema.org","@graph":[{"@type":"WebPage","@id":"https:\/\/ontario400.ca\/en\/historical-framework\/","url":"https:\/\/ontario400.ca\/en\/historical-framework\/","name":"Historical Framework - 400e","isPartOf":{"@id":"https:\/\/ontario400.ca\/#website"},"datePublished":"2013-12-11T17:46:52+00:00","dateModified":"2013-12-19T16:59:15+00:00","breadcrumb":{"@id":"https:\/\/ontario400.ca\/en\/historical-framework\/#breadcrumb"},"inLanguage":"en-US","potentialAction":[{"@type":"ReadAction","target":["https:\/\/ontario400.ca\/en\/historical-framework\/"]}]},{"@type":"BreadcrumbList","@id":"https:\/\/ontario400.ca\/en\/historical-framework\/#breadcrumb","itemListElement":[{"@type":"ListItem","position":1,"name":"Home","item":"https:\/\/ontario400.ca\/en\/"},{"@type":"ListItem","position":2,"name":"Historical Framework"}]},{"@type":"WebSite","@id":"https:\/\/ontario400.ca\/#website","url":"https:\/\/ontario400.ca\/","name":"400e","description":"Just another WordPress site","potentialAction":[{"@type":"SearchAction","target":{"@type":"EntryPoint","urlTemplate":"https:\/\/ontario400.ca\/?s={search_term_string}"},"query-input":{"@type":"PropertyValueSpecification","valueRequired":true,"valueName":"search_term_string"}}],"inLanguage":"en-US"}]}},"_links":{"self":[{"href":"https:\/\/ontario400.ca\/en\/wp-json\/wp\/v2\/pages\/129","targetHints":{"allow":["GET"]}}],"collection":[{"href":"https:\/\/ontario400.ca\/en\/wp-json\/wp\/v2\/pages"}],"about":[{"href":"https:\/\/ontario400.ca\/en\/wp-json\/wp\/v2\/types\/page"}],"author":[{"embeddable":true,"href":"https:\/\/ontario400.ca\/en\/wp-json\/wp\/v2\/users\/12"}],"replies":[{"embeddable":true,"href":"https:\/\/ontario400.ca\/en\/wp-json\/wp\/v2\/comments?post=129"}],"version-history":[{"count":0,"href":"https:\/\/ontario400.ca\/en\/wp-json\/wp\/v2\/pages\/129\/revisions"}],"wp:attachment":[{"href":"https:\/\/ontario400.ca\/en\/wp-json\/wp\/v2\/media?parent=129"}],"curies":[{"name":"wp","href":"https:\/\/api.w.org\/{rel}","templated":true}]}}